{"id":268,"date":"2024-08-16T14:46:55","date_gmt":"2024-08-16T14:46:55","guid":{"rendered":"https:\/\/hrleads.com.vn\/lien-he-chung-toi\/"},"modified":"2024-08-26T02:54:45","modified_gmt":"2024-08-26T02:54:45","slug":"lien-he-chung-toi","status":"publish","type":"page","link":"https:\/\/hrleads.com.vn\/vi\/lien-he-chung-toi\/","title":{"rendered":"Li\u00ean h\u1ec7 ch\u00fang t\u00f4i"},"content":{"rendered":"  <div id=\"page-header-1403443338\" class=\"page-header-wrapper\">\n  <div class=\"page-title dark featured-title\">\n\n        <div class=\"page-title-bg\">\n      <div class=\"title-bg fill bg-fill\"\n        data-parallax-container=\".page-title\"\n        data-parallax-background\n        data-parallax=\"-\">\n      <\/div>\n      <div class=\"title-overlay fill\"><\/div>\n    <\/div>\n    \n    <div class=\"page-title-inner container align-center flex-row medium-flex-wrap\" >\n              <div class=\"title-wrapper is-xlarge flex-col text-left medium-text-center\">\n          <h1 class=\"entry-title mb-0\">\n            Li\u00ean h\u1ec7 ch\u00fang t\u00f4i          <\/h1>\n        <\/div>\n                    <div class=\"title-content flex-col flex-right text-right medium-text-center\">\n        <div class=\"title-breadcrumbs pb-half pt-half\"><\/div>      <\/div>\n    <\/div>\n\n     \n<style>\n#page-header-1403443338 .page-title-inner {\n  min-height: 400px;\n}\n#page-header-1403443338 .title-bg {\n  background-image: url(https:\/\/hrleads.com.vn\/wp-content\/uploads\/2024\/08\/group-business-people-brainstorming-with-silhouette-sunset-scaled-1.jpg);\n}\n<\/style>\n  <\/div>\n    <\/div>\n  \n\t<section class=\"section\" id=\"section_210974010\">\n\t\t<div class=\"bg section-bg fill bg-fill  \" >\n\n\t\t\t\n\t\t\t\n\t\t\t\n\n\t\t<\/div>\n\n\t\t\n\n\t\t<div class=\"section-content relative\">\n\t\t\t\n<div class=\"row\"  id=\"row-909475167\">\n\n\t<div id=\"col-829861224\" class=\"col medium-6 small-12 large-6\"  >\n\t\t\t\t<div class=\"col-inner\"  >\n\t\t\t\n\t\t\t\n\t<div id=\"text-1809259288\" class=\"text\">\n\t\t\n<h3>C\u00f4ng ty TNHH T\u01b0 v\u1ea5n v\u00e0 \u0110\u00e0o t\u1ea1o HRLeads Vi\u1ec7t Nam<\/p>\n<\/h3>\n\t\t\n<style>\n#text-1809259288 {\n  color: #dd3333;\n}\n#text-1809259288 > * {\n  color: #dd3333;\n}\n<\/style>\n\t<\/div>\n\t\n<p><i class=\"fas fa-map\"><\/i>17-11, T\u1ea7ng 17, T\u00f2a nh\u00e0 Vincom Center, 72 L\u00ea Th\u00e1nh T\u00f4n, Ph\u01b0\u1eddng B\u1ebfn Ngh\u00e9, Qu\u1eadn 1, TP.HCM, Vi\u1ec7t Nam.<\/p>\n<p>\n    <i class=\"fa fa-phone\" aria-hidden=\"true\"><\/i>  \u0110i\u1ec7n tho\u1ea1i: (84) 0777690736  <\/p>\n\n<div class=\"wpforms-container wpforms-container-full wpforms-render-modern\" id=\"wpforms-188\"><form id=\"wpforms-form-188\" class=\"wpforms-validate wpforms-form wpforms-ajax-form\" data-formid=\"188\" method=\"post\" enctype=\"multipart\/form-data\" action=\"\/vi\/wp-json\/wp\/v2\/pages\/268\"><noscript class=\"wpforms-error-noscript\">Please enable JavaScript in your browser to complete this form.<\/noscript><div class=\"wpforms-hidden\" id=\"wpforms-error-noscript\">Please enable JavaScript in your browser to complete this form.<\/div><div class=\"wpforms-field-container\"><div id=\"wpforms-188-field_2-container\" class=\"wpforms-field wpforms-field-name\" data-field-id=\"2\"><label class=\"wpforms-field-label wpforms-label-hide\" for=\"wpforms-188-field_2\" aria-hidden=\"false\">Name <span class=\"wpforms-required-label\" aria-hidden=\"true\">*<\/span><\/label><input type=\"text\" id=\"wpforms-188-field_2\" class=\"wpforms-field-large wpforms-field-required\" name=\"wpforms[fields][2]\" placeholder=\"Name\" aria-errormessage=\"wpforms-188-field_2-error\" required><\/div><div id=\"wpforms-188-field_3-container\" class=\"wpforms-field wpforms-field-phone\" data-field-id=\"3\"><label class=\"wpforms-field-label wpforms-label-hide\" for=\"wpforms-188-field_3\" aria-hidden=\"false\">Phone<\/label><input type=\"tel\" id=\"wpforms-188-field_3\" class=\"wpforms-field-large wpforms-smart-phone-field\" data-rule-smart-phone-field=\"true\" name=\"wpforms[fields][3]\" placeholder=\"Phone\" aria-errormessage=\"wpforms-188-field_3-error\" ><\/div><div id=\"wpforms-188-field_4-container\" class=\"wpforms-field wpforms-field-email\" data-field-id=\"4\"><label class=\"wpforms-field-label wpforms-label-hide\" for=\"wpforms-188-field_4\" aria-hidden=\"false\">Email <span class=\"wpforms-required-label\" aria-hidden=\"true\">*<\/span><\/label><input type=\"email\" id=\"wpforms-188-field_4\" class=\"wpforms-field-large wpforms-field-required\" name=\"wpforms[fields][4]\" placeholder=\"Email\" spellcheck=\"false\" aria-errormessage=\"wpforms-188-field_4-error\" required><\/div><div id=\"wpforms-188-field_5-container\" class=\"wpforms-field wpforms-field-textarea\" data-field-id=\"5\"><label class=\"wpforms-field-label wpforms-label-hide\" for=\"wpforms-188-field_5\" aria-hidden=\"false\">Subject<\/label><textarea id=\"wpforms-188-field_5\" class=\"wpforms-field-medium\" name=\"wpforms[fields][5]\" placeholder=\"Subject\" aria-errormessage=\"wpforms-188-field_5-error\" ><\/textarea><\/div><\/div><!-- .wpforms-field-container --><div class=\"wpforms-submit-container\" ><input type=\"hidden\" name=\"wpforms[id]\" value=\"188\"><input type=\"hidden\" name=\"wpforms[author]\" value=\"1\"><input type=\"hidden\" class=\"wpforms-token\" name=\"wpforms[token]\" value=\"abc7e29c4ba726a2710720ce6666ef5e\" \/><button type=\"submit\" name=\"wpforms[submit]\" id=\"wpforms-submit-188\" class=\"wpforms-submit\" data-alt-text=\"Sending...\" data-submit-text=\"Submit\" aria-live=\"assertive\" value=\"wpforms-submit\">Submit<\/button><img loading=\"lazy\" decoding=\"async\" src=\"https:\/\/hrleads.com.vn\/wp-content\/plugins\/wpforms\/assets\/images\/submit-spin.svg\" class=\"wpforms-submit-spinner\" style=\"display: none;\" width=\"26\" height=\"26\" alt=\"Loading\"><\/div><\/form><\/div>  <!-- .wpforms-container -->\n\n\t\t<\/div>\n\t\t\t\t\t<\/div>\n\n\t\n\n\t<div id=\"col-711111956\" class=\"col medium-6 small-12 large-6\"  >\n\t\t\t\t<div class=\"col-inner\"  >\n\t\t\t\n\t\t\t\n\n<p><iframe src=\"https:\/\/www.google.com\/maps\/embed?pb=!1m18!1m12!1m3!1d3919.434814321027!2d106.69907547452556!3d10.77797158937083!2m3!1f0!2f0!3f0!3m2!1i1024!2i768!4f13.1!3m3!1m2!1s0x31752f4876c29a9b%3A0xd2c79768678d2142!2sVincom%20Center!5e0!3m2!1sen!2s!4v1724624597928!5m2!1sen!2s\" width=\"600\" height=\"450\" style=\"border:0;\" allowfullscreen=\"\" loading=\"lazy\" referrerpolicy=\"no-referrer-when-downgrade\"><\/iframe><br \/>\n\n\t\t<\/div>\n\t\t\t\t\t<\/div>\n\n\t\n<\/div>\n\t\t<\/div>\n\n\t\t\n<style>\n#section_210974010 {\n  padding-top: 30px;\n  padding-bottom: 30px;\n}\n#section_210974010 .section-bg.bg-loaded {\n  background-image: url(https:\/\/hrleads.com.vn\/wp-content\/uploads\/2024\/08\/choose_bg.png);\n}\n#section_210974010 .section-bg {\n  background-position: 100%;\n}\n<\/style>\n\t<\/section>\n\t\n","protected":false},"excerpt":{"rendered":"","protected":false},"author":1,"featured_media":0,"parent":0,"menu_order":0,"comment_status":"closed","ping_status":"closed","template":"page-blank.php","meta":{"footnotes":""},"class_list":["post-268","page","type-page","status-publish","hentry"],"_links":{"self":[{"href":"https:\/\/hrleads.com.vn\/vi\/wp-json\/wp\/v2\/pages\/268","targetHints":{"allow":["GET"]}}],"collection":[{"href":"https:\/\/hrleads.com.vn\/vi\/wp-json\/wp\/v2\/pages"}],"about":[{"href":"https:\/\/hrleads.com.vn\/vi\/wp-json\/wp\/v2\/types\/page"}],"author":[{"embeddable":true,"href":"https:\/\/hrleads.com.vn\/vi\/wp-json\/wp\/v2\/users\/1"}],"replies":[{"embeddable":true,"href":"https:\/\/hrleads.com.vn\/vi\/wp-json\/wp\/v2\/comments?post=268"}],"version-history":[{"count":3,"href":"https:\/\/hrleads.com.vn\/vi\/wp-json\/wp\/v2\/pages\/268\/revisions"}],"predecessor-version":[{"id":366,"href":"https:\/\/hrleads.com.vn\/vi\/wp-json\/wp\/v2\/pages\/268\/revisions\/366"}],"wp:attachment":[{"href":"https:\/\/hrleads.com.vn\/vi\/wp-json\/wp\/v2\/media?parent=268"}],"curies":[{"name":"wp","href":"https:\/\/api.w.org\/{rel}","templated":true}]}}