{"id":262,"date":"2024-08-16T14:45:45","date_gmt":"2024-08-16T14:45:45","guid":{"rendered":"https:\/\/hrleads.com.vn\/ve-chung-toi\/"},"modified":"2024-08-26T02:53:49","modified_gmt":"2024-08-26T02:53:49","slug":"ve-chung-toi","status":"publish","type":"page","link":"https:\/\/hrleads.com.vn\/vi\/ve-chung-toi\/","title":{"rendered":"V\u1ec1 ch\u00fang t\u00f4i"},"content":{"rendered":"  <div id=\"page-header-1324034633\" class=\"page-header-wrapper\">\n  <div class=\"page-title dark featured-title\">\n\n        <div class=\"page-title-bg\">\n      <div class=\"title-bg fill bg-fill\"\n        data-parallax-container=\".page-title\"\n        data-parallax-background\n        data-parallax=\"-\">\n      <\/div>\n      <div class=\"title-overlay fill\"><\/div>\n    <\/div>\n    \n    <div class=\"page-title-inner container align-center flex-row medium-flex-wrap\" >\n              <div class=\"title-wrapper is-xlarge flex-col text-left medium-text-center\">\n          <h1 class=\"entry-title mb-0\">\n            V\u1ec1 ch\u00fang t\u00f4i          <\/h1>\n        <\/div>\n                    <div class=\"title-content flex-col flex-right text-right medium-text-center\">\n        <div class=\"title-breadcrumbs pb-half pt-half\"><\/div>      <\/div>\n    <\/div>\n\n     \n<style>\n#page-header-1324034633 .page-title-inner {\n  min-height: 400px;\n}\n#page-header-1324034633 .title-bg {\n  background-image: url(https:\/\/hrleads.com.vn\/wp-content\/uploads\/2024\/08\/group-business-people-brainstorming-with-silhouette-sunset-scaled-1.jpg);\n}\n<\/style>\n  <\/div>\n    <\/div>\n  \n\t<section class=\"section\" id=\"section_1986541744\">\n\t\t<div class=\"bg section-bg fill bg-fill  bg-loaded\" >\n\n\t\t\t\n\t\t\t\n\t\t\t\n\n\t\t<\/div>\n\n\t\t\n\n\t\t<div class=\"section-content relative\">\n\t\t\t\n<div class=\"row\"  id=\"row-822099040\">\n\n\t<div id=\"col-1585782697\" class=\"col small-12 large-12\"  >\n\t\t\t\t<div class=\"col-inner text-center\"  >\n\t\t\t\n\t\t\t\n\t<div id=\"text-4045570142\" class=\"text\">\n\t\t\n<h3>GI\u1edaI THI\u1ec6U C\u00d4NG TY <\/h3>\n\t\t\n<style>\n#text-4045570142 {\n  text-align: center;\n  color: #08368b;\n}\n#text-4045570142 > * {\n  color: #08368b;\n}\n<\/style>\n\t<\/div>\n\t\n\t<div id=\"text-434770922\" class=\"text\">\n\t\t\n<ul>\n<li>\u00b7 C\u00f4ng ty T\u01b0 v\u1ea5n v\u00e0 \u0110\u00e0o t\u1ea1o HRLeads Vi\u1ec7t Nam chuy\u00ean cung c\u1ea5p d\u1ecbch v\u1ee5 t\u01b0 v\u1ea5n nh\u00e2n s\u1ef1 to\u00e0n di\u1ec7n t\u1ea1i Vi\u1ec7t Nam v\u1edbi ph\u01b0\u01a1ng ch\u00e2m MANG L\u1ea0I GI\u00c1 TR\u1eca T\u1ed0T NH\u1ea4T CHO KH\u00c1CH H\u00c0NG.<\/li>\n<li>HRLeads Vi\u1ec7t Nam v\u1edbi c\u00e1c d\u1ecbch v\u1ee5 ho\u1ea1t \u0111\u1ed9ng ch\u00ednh: T\u01b0 v\u1ea5n tuy\u1ec3n d\u1ee5ng nh\u00e2n s\u1ef1, t\u01b0 v\u1ea5n x\u00e2y d\u1ef1ng thang b\u1ea3ng l\u01b0\u01a1ng, t\u00ednh l\u01b0\u01a1ng, t\u01b0 v\u1ea5n x\u00e2y d\u1ef1ng c\u00e1c n\u1ed9i quy lao \u0111\u1ed9ng, th\u1ecfa \u01b0\u1edbc lao \u0111\u1ed9ng t\u1eadp th\u1ec3, t\u01b0 v\u1ea5n th\u00e0nh l\u1eadp c\u00f4ng \u0111o\u00e0n&#8230;<\/li>\n<li>HRLeads Vi\u1ec7t Nam \u0111\u01b0\u1ee3c th\u00e0nh l\u1eadp b\u1edfi \u0111\u1ed9i ng\u0169 chuy\u00ean gia nh\u00e2n s\u1ef1 v\u1edbi nhi\u1ec1u n\u0103m kinh nghi\u1ec7m l\u00e0m vi\u1ec7c trong vai tr\u00f2 qu\u1ea3n l\u00fd \u0111i\u1ec1u h\u00e0nh, qu\u1ea3n l\u00fd nh\u00e2n s\u1ef1\u2026<\/li>\n<li>Kh\u00e1ch h\u00e0ng c\u1ee7a ch\u00fang t\u00f4i l\u00e0 c\u00e1c doanh nghi\u1ec7p trong v\u00e0 ngo\u00e0i n\u01b0\u1edbc ho\u1ea1t \u0111\u1ed9ng trong nhi\u1ec1u l\u0129nh v\u1ef1c nh\u01b0 s\u1ea3n xu\u1ea5t, d\u1ecbch v\u1ee5, th\u01b0\u01a1ng mai, ph\u00e2n ph\u1ed1i\u2026<\/li>\n<\/ul>\n\t\t\n<style>\n#text-434770922 {\n  text-align: left;\n}\n<\/style>\n\t<\/div>\n\t\n\t<div class=\"img has-hover x md-x lg-x y md-y lg-y\" id=\"image_640386396\">\n\t\t\t\t\t\t\t\t<div class=\"img-inner dark\" >\n\t\t\t<img loading=\"lazy\" decoding=\"async\" width=\"800\" height=\"343\" src=\"https:\/\/hrleads.com.vn\/wp-content\/uploads\/2024\/08\/logo.png\" class=\"attachment-original size-original\" alt=\"\" srcset=\"https:\/\/hrleads.com.vn\/wp-content\/uploads\/2024\/08\/logo.png 800w, https:\/\/hrleads.com.vn\/wp-content\/uploads\/2024\/08\/logo-300x129.png 300w, https:\/\/hrleads.com.vn\/wp-content\/uploads\/2024\/08\/logo-768x329.png 768w\" sizes=\"auto, (max-width: 800px) 100vw, 800px\" \/>\t\t\t\t\t\t\n\t\t\t\t\t<\/div>\n\t\t\t\t\t\t\t\t\n<style>\n#image_640386396 {\n  width: 28%;\n}\n<\/style>\n\t<\/div>\n\t\n\t\t<\/div>\n\t\t\t\t\t<\/div>\n\n\t\n<\/div>\n<div class=\"row align-equal row-dashed\"  id=\"row-462224146\">\n\n\t<div id=\"col-1663104294\" class=\"col medium-6 small-12 large-6\"  >\n\t\t\t\t<div class=\"col-inner\"  >\n\t\t\t\n\t\t\t\n\n\t\t<div class=\"icon-box featured-box icon-box-center text-center\"  >\n\t\t\t\t\t<div class=\"icon-box-img\" style=\"width: 100px\">\n\t\t\t\t<div class=\"icon\">\n\t\t\t\t\t<div class=\"icon-inner\" >\n\t\t\t\t\t\t<img loading=\"lazy\" decoding=\"async\" width=\"300\" height=\"300\" src=\"https:\/\/hrleads.com.vn\/wp-content\/uploads\/2024\/08\/icon-01-300x300.png\" class=\"attachment-medium size-medium\" alt=\"\" srcset=\"https:\/\/hrleads.com.vn\/wp-content\/uploads\/2024\/08\/icon-01-300x300.png 300w, https:\/\/hrleads.com.vn\/wp-content\/uploads\/2024\/08\/icon-01-150x150.png 150w, https:\/\/hrleads.com.vn\/wp-content\/uploads\/2024\/08\/icon-01.png 331w\" sizes=\"auto, (max-width: 300px) 100vw, 300px\" \/>\t\t\t\t\t<\/div>\n\t\t\t\t<\/div>\n\t\t\t<\/div>\n\t\t\t\t<div class=\"icon-box-text last-reset\">\n\t\t\t\t\t\t\t\t\t\n\t<div id=\"text-969968223\" class=\"text\">\n\t\t\n<h3>T\u1ea7m nh\u00ecn <\/h3>\n\t\t\n<style>\n#text-969968223 {\n  color: #08368b;\n}\n#text-969968223 > * {\n  color: #08368b;\n}\n<\/style>\n\t<\/div>\n\t\n<p>HRLeads Vi\u1ec7t Nam n\u1ed7 l\u1ef1c cung c\u1ea5p d\u1ecbch v\u1ee5 ph\u00f9 h\u1ee3p cho c\u1ea3 ng\u01b0\u1eddi t\u00ecm vi\u1ec7c v\u00e0 nh\u00e0 tuy\u1ec3n d\u1ee5ng, t\u1ea1o ra m\u1ed1i quan h\u1ec7 h\u1ee3p t\u00e1c c\u00f3 l\u1ee3i v\u00e0 c\u00f3 gi\u00e1 tr\u1ecb trong su\u1ed1t ch\u1eb7ng \u0111\u01b0\u1eddng h\u1ee3p t\u00e1c.<\/p>\n\t\t<\/div>\n\t<\/div>\n\t\n\t\n\t\t<\/div>\n\t\t\t\t\t<\/div>\n\n\t\n\n\t<div id=\"col-567318447\" class=\"col medium-6 small-12 large-6\"  >\n\t\t\t\t<div class=\"col-inner\"  >\n\t\t\t\n\t\t\t\n\n\t\t<div class=\"icon-box featured-box icon-box-center text-center\"  >\n\t\t\t\t\t<div class=\"icon-box-img\" style=\"width: 100px\">\n\t\t\t\t<div class=\"icon\">\n\t\t\t\t\t<div class=\"icon-inner\" >\n\t\t\t\t\t\t<img loading=\"lazy\" decoding=\"async\" width=\"300\" height=\"300\" src=\"https:\/\/hrleads.com.vn\/wp-content\/uploads\/2024\/08\/icon-02-300x300.png\" class=\"attachment-medium size-medium\" alt=\"\" srcset=\"https:\/\/hrleads.com.vn\/wp-content\/uploads\/2024\/08\/icon-02-300x300.png 300w, https:\/\/hrleads.com.vn\/wp-content\/uploads\/2024\/08\/icon-02-150x150.png 150w, https:\/\/hrleads.com.vn\/wp-content\/uploads\/2024\/08\/icon-02.png 331w\" sizes=\"auto, (max-width: 300px) 100vw, 300px\" \/>\t\t\t\t\t<\/div>\n\t\t\t\t<\/div>\n\t\t\t<\/div>\n\t\t\t\t<div class=\"icon-box-text last-reset\">\n\t\t\t\t\t\t\t\t\t\n\t<div id=\"text-2037760824\" class=\"text\">\n\t\t\n<h3>Nhi\u1ec7m v\u1ee5<\/h3>\n\t\t\n<style>\n#text-2037760824 {\n  color: #08368b;\n}\n#text-2037760824 > * {\n  color: #08368b;\n}\n<\/style>\n\t<\/div>\n\t\n<p>HRLeads Vi\u1ec7t Nam mong mu\u1ed1n tr\u1edf th\u00e0nh C\u00f4ng ty cung c\u1ea5p gi\u1ea3i ph\u00e1p nh\u00e2n s\u1ef1 \u0111\u00e1ng tin c\u1eady trong khu v\u1ef1c. Ch\u00fang t\u00f4i lu\u00f4n t\u00f4n tr\u1ecdng v\u00e0 cung c\u1ea5p c\u00e1c gi\u1ea3i ph\u00e1p nh\u00e2n s\u1ef1 t\u1ed1i \u01b0u nh\u1ea5t cho t\u1ea5t c\u1ea3 kh\u00e1ch h\u00e0ng. <\/p>\n\t\t<\/div>\n\t<\/div>\n\t\n\t\n\t\t<\/div>\n\t\t\t\t\t<\/div>\n\n\t\n\n<style>\n#row-462224146 > .col > .col-inner {\n  background-color: rgb(242, 242, 242);\n}\n<\/style>\n<\/div>\n<div class=\"row\"  id=\"row-1765056467\">\n\n\t<div id=\"col-322624906\" class=\"col small-12 large-12\"  >\n\t\t\t\t<div class=\"col-inner\"  >\n\t\t\t\n\t\t\t\n\t<div id=\"text-3782190279\" class=\"text\">\n\t\t\n<h3>C\u00f4ng ty t\u1ea1i Vi\u1ec7t Nam, h\u1ed7 tr\u1ee3 Kh\u00e1ch H\u00e0ng to\u00e0n c\u1ea7u<\/h3>\n<p>HRLeads Vi\u1ec7t Nam k\u1ebft n\u1ed1i c\u00e1c Kh\u00e1ch H\u00e0ng v\u00e0 \u1ee9ng vi\u00ean cho t\u1ea5t c\u1ea3 c\u00e1c ng\u00e0nh ngh\u1ec1, l\u0129nh v\u1ef1c \u0111a d\u1ea1ng tr\u00ean to\u00e0n th\u1ebf gi\u1edbi.<\/p>\n\t\t\n<style>\n#text-3782190279 {\n  text-align: center;\n  color: #08368b;\n}\n#text-3782190279 > * {\n  color: #08368b;\n}\n<\/style>\n\t<\/div>\n\t\n\t<div id=\"text-3017376105\" class=\"text\">\n\t\t\n<ul>\n<li>Ch\u00fang t\u00f4i ho\u00e0n to\u00e0n tin t\u01b0\u1edfng v\u00e0o vi\u1ec7c x\u00e2y d\u1ef1ng <strong><em>quan h\u1ec7 \u0111\u1ed1i t\u00e1c<\/em><\/strong> chi\u1ebfn l\u01b0\u1ee3c v\u1edbi nh\u1eefng ng\u01b0\u1eddi m\u00e0 ch\u00fang t\u00f4i k\u1ebft n\u1ed1i.<\/li>\n<li>Ch\u00fang t\u00f4i lu\u00f4n c\u1ed1 g\u1eafng tr\u1edf th\u00e0nh nh\u1eefng th\u00e0nh vi\u00ean l\u1ea1c quan trong nh\u00f3m v\u00e0 <strong><em>t\u00f4n tr\u1ecdng<\/em><\/strong> nh\u00f3m, kh\u00e1ch h\u00e0ng v\u00e0 \u1ee9ng vi\u00ean.<\/li>\n<li>Ch\u00fang t\u00f4i tin v\u00e0o b\u1ea3n ch\u1ea5t con ng\u01b0\u1eddi v\u00e0 <strong><em>s\u1ef1 quan t\u00e2m<\/em><\/strong> l\u1eabn nhau.<\/li>\n<\/ul>\n\t\t\n<style>\n#text-3017376105 {\n  text-align: left;\n}\n<\/style>\n\t<\/div>\n\t\n\t\t<\/div>\n\t\t\t\t\n<style>\n#col-322624906 > .col-inner {\n  margin: 20px 0px 0px 0px;\n}\n<\/style>\n\t<\/div>\n\n\t\n<\/div>\n\t\t<\/div>\n\n\t\t\n<style>\n#section_1986541744 {\n  padding-top: 30px;\n  padding-bottom: 30px;\n}\n<\/style>\n\t<\/section>\n\t\n","protected":false},"excerpt":{"rendered":"","protected":false},"author":1,"featured_media":0,"parent":0,"menu_order":0,"comment_status":"closed","ping_status":"closed","template":"page-blank.php","meta":{"footnotes":""},"class_list":["post-262","page","type-page","status-publish","hentry"],"_links":{"self":[{"href":"https:\/\/hrleads.com.vn\/vi\/wp-json\/wp\/v2\/pages\/262","targetHints":{"allow":["GET"]}}],"collection":[{"href":"https:\/\/hrleads.com.vn\/vi\/wp-json\/wp\/v2\/pages"}],"about":[{"href":"https:\/\/hrleads.com.vn\/vi\/wp-json\/wp\/v2\/types\/page"}],"author":[{"embeddable":true,"href":"https:\/\/hrleads.com.vn\/vi\/wp-json\/wp\/v2\/users\/1"}],"replies":[{"embeddable":true,"href":"https:\/\/hrleads.com.vn\/vi\/wp-json\/wp\/v2\/comments?post=262"}],"version-history":[{"count":3,"href":"https:\/\/hrleads.com.vn\/vi\/wp-json\/wp\/v2\/pages\/262\/revisions"}],"predecessor-version":[{"id":401,"href":"https:\/\/hrleads.com.vn\/vi\/wp-json\/wp\/v2\/pages\/262\/revisions\/401"}],"wp:attachment":[{"href":"https:\/\/hrleads.com.vn\/vi\/wp-json\/wp\/v2\/media?parent=262"}],"curies":[{"name":"wp","href":"https:\/\/api.w.org\/{rel}","templated":true}]}}